{"id":424,"date":"2021-09-06T21:09:57","date_gmt":"2021-09-06T19:09:57","guid":{"rendered":"http:\/\/paroisse-gueugnon-toulon.fr\/?page_id=424"},"modified":"2025-09-14T16:35:24","modified_gmt":"2025-09-14T14:35:24","slug":"catechese","status":"publish","type":"page","link":"https:\/\/paroisse-gueugnon-toulon.fr\/index.php\/catechese\/","title":{"rendered":"Cat\u00e9ch\u00e8se"},"content":{"rendered":"<p>[et_pb_section fb_built=\u00a0\u00bb1&Prime; _builder_version=\u00a0\u00bb4.10.1&Prime; _module_preset=\u00a0\u00bbdefault\u00a0\u00bb background_color=\u00a0\u00bb#450051&Prime; min_height=\u00a0\u00bb130px\u00a0\u00bb global_colors_info=\u00a0\u00bb{}\u00a0\u00bb][et_pb_row column_structure=\u00a0\u00bb3_5,2_5&Prime; _builder_version=\u00a0\u00bb4.13.0&Prime; _module_preset=\u00a0\u00bbdefault\u00a0\u00bb custom_margin=\u00a0\u00bb-26px|auto|-68px|auto||\u00a0\u00bb global_colors_info=\u00a0\u00bb{}\u00a0\u00bb][et_pb_column type=\u00a0\u00bb3_5&Prime; _builder_version=\u00a0\u00bb4.10.1&Prime; _module_preset=\u00a0\u00bbdefault\u00a0\u00bb global_colors_info=\u00a0\u00bb{}\u00a0\u00bb][et_pb_text _builder_version=\u00a0\u00bb4.13.0&Prime; _module_preset=\u00a0\u00bbdefault\u00a0\u00bb background_layout=\u00a0\u00bbdark\u00a0\u00bb global_colors_info=\u00a0\u00bb{}\u00a0\u00bb]<\/p>\n<h1>Cat\u00e9ch\u00e8se 2025-2026<\/h1>\n<p>[\/et_pb_text][\/et_pb_column][et_pb_column type=\u00a0\u00bb2_5&Prime; _builder_version=\u00a0\u00bb4.10.1&Prime; _module_preset=\u00a0\u00bbdefault\u00a0\u00bb global_colors_info=\u00a0\u00bb{}\u00a0\u00bb][et_pb_button button_url=\u00a0\u00bb@ET-DC@eyJkeW5hbWljIjp0cnVlLCJjb250ZW50IjoiaG9tZV91cmwiLCJzZXR0aW5ncyI6e319@\u00a0\u00bb button_text=\u00a0\u00bbRetour \u00e0 l&rsquo;accueil\u00a0\u00bb button_alignment=\u00a0\u00bbright\u00a0\u00bb _builder_version=\u00a0\u00bb4.10.1&Prime; _dynamic_attributes=\u00a0\u00bbbutton_url\u00a0\u00bb _module_preset=\u00a0\u00bbdefault\u00a0\u00bb custom_button=\u00a0\u00bbon\u00a0\u00bb button_text_size=\u00a0\u00bb15px\u00a0\u00bb button_text_color=\u00a0\u00bb#FFFFFF\u00a0\u00bb global_colors_info=\u00a0\u00bb{}\u00a0\u00bb][\/et_pb_button][\/et_pb_column][\/et_pb_row][\/et_pb_section][et_pb_section fb_built=\u00a0\u00bb1&Prime; admin_label=\u00a0\u00bbsection\u00a0\u00bb _builder_version=\u00a0\u00bb4.10.1&Prime; background_color=\u00a0\u00bb#f4f4f4&Prime; custom_margin=\u00a0\u00bb||-63px|||\u00a0\u00bb global_colors_info=\u00a0\u00bb{}\u00a0\u00bb][et_pb_row _builder_version=\u00a0\u00bb4.10.1&Prime; _module_preset=\u00a0\u00bbdefault\u00a0\u00bb custom_margin=\u00a0\u00bb|auto|43px|auto||\u00a0\u00bb custom_padding=\u00a0\u00bb||0px|||\u00a0\u00bb global_colors_info=\u00a0\u00bb{}\u00a0\u00bb][et_pb_column type=\u00a0\u00bb4_4&Prime; _builder_version=\u00a0\u00bb4.10.1&Prime; _module_preset=\u00a0\u00bbdefault\u00a0\u00bb global_colors_info=\u00a0\u00bb{}\u00a0\u00bb][et_pb_text _builder_version=\u00a0\u00bb4.13.0&Prime; _module_preset=\u00a0\u00bbdefault\u00a0\u00bb hover_enabled=\u00a0\u00bb0&Prime; global_colors_info=\u00a0\u00bb{}\u00a0\u00bb sticky_enabled=\u00a0\u00bb0&Prime;]<\/p>\n<h3>Pour les paroisses Sainte Th\u00e9r\u00e8se de l&rsquo;Enfant J\u00e9sus et du Bon Pasteur :<\/h3>\n<p>&nbsp;<\/p>\n<h2><strong>Eveil \u00e0 la foi : pour les enfants n\u00e9s entre 2019 et 2022.<\/strong><\/h2>\n<p><strong><\/strong><\/p>\n<p><strong>Pour les deux paroisses, 5 rencontres dans l&rsquo;ann\u00e9e : premi\u00e8re rencontre le samedi 11 octobre 2025 de 15h30 \u00e0 17h30 \u00e0 la maison paroissiale de Toulo sur Arroux sur le th\u00e8me Vive l&rsquo;Esp\u00e9rance.<\/strong><\/p>\n<p>Pour tout renseignement compl\u00e9mentaire, contacter la responsable<strong><\/strong><\/p>\n<p><em>Agn\u00e8s CLEMENT : 03 85 57 29 23 &#8211; mail : <a href=\"mailto:agnesclement71@orange.fr\">agnesclement71@orange.fr<\/a><\/em><\/p>\n<p><em><\/em><\/p>\n<p><em><\/em><\/p>\n<p><strong><span style=\"font-size: x-large;\"><span style=\"color: #000000;\">Pour le cat\u00e9 <\/span>:\u00a0<\/span><\/strong><\/p>\n<ul>\n<li><strong>A <span style=\"text-decoration: underline;\">Gueugnon<\/span><\/strong> : de 10h00 \u00e0 11h30 un mercredi sur deux,\u00a0<\/li>\n<li><strong>A <span style=\"text-decoration: underline;\">Issy- l\u2019Ev\u00eaque<\/span><\/strong>: un jeudi sur deux de 16h30 \u00e0 18h00 ,<\/li>\n<li><strong>A <span style=\"text-decoration: underline;\">Rigny sur Arroux<\/span><\/strong>: deux fois par mois, samedi de 10h \u00e0 12h00. La rentr\u00e9e aura lieu le samedi 13 septembre de 10h \u00e0 12h00 \u00e0 la mairie de Rigny.<\/li>\n<\/ul>\n<p>A Toulon sur Arroux: rencontre des parents et inscriptionle vendredi 12 septembre \u00e0 18h30<\/p>\n<ul><\/ul>\n<p><strong>Pour tout renseignement compl\u00e9mentaire, <\/strong><\/p>\n<p><em>contacter la responsable Laurence LYONNE\u00a0: 03 85 85 57 39<\/em><\/p>\n<p>\u00a0Premi\u00e8re rencontre pour les CE1 &#8211; CE2 &#8211; CM1 &#8211; CM2<\/p>\n<p>TOP DEPART : mercredi 24 septembre \u00e0 10h00 au centre paroissial de Gueugnon.<\/p>\n<p>[\/et_pb_text][\/et_pb_column][\/et_pb_row][\/et_pb_section]<\/p>\n","protected":false},"excerpt":{"rendered":"<p>Cat\u00e9ch\u00e8se 2025-2026Pour les paroisses Sainte Th\u00e9r\u00e8se de l&rsquo;Enfant J\u00e9sus et du Bon Pasteur : &nbsp; Eveil \u00e0 la foi : pour les enfants n\u00e9s entre 2019 et 2022. Pour les deux paroisses, 5 rencontres dans l&rsquo;ann\u00e9e : premi\u00e8re rencontre le samedi 11 octobre 2025 de 15h30 \u00e0 17h30 \u00e0 la maison paroissiale de Toulo sur [&hellip;]<\/p>\n","protected":false},"author":1,"featured_media":0,"parent":0,"menu_order":0,"comment_status":"closed","ping_status":"closed","template":"","meta":{"_et_pb_use_builder":"on","_et_pb_old_content":"","_et_gb_content_width":""},"_links":{"self":[{"href":"https:\/\/paroisse-gueugnon-toulon.fr\/index.php\/wp-json\/wp\/v2\/pages\/424"}],"collection":[{"href":"https:\/\/paroisse-gueugnon-toulon.fr\/index.php\/wp-json\/wp\/v2\/pages"}],"about":[{"href":"https:\/\/paroisse-gueugnon-toulon.fr\/index.php\/wp-json\/wp\/v2\/types\/page"}],"author":[{"embeddable":true,"href":"https:\/\/paroisse-gueugnon-toulon.fr\/index.php\/wp-json\/wp\/v2\/users\/1"}],"replies":[{"embeddable":true,"href":"https:\/\/paroisse-gueugnon-toulon.fr\/index.php\/wp-json\/wp\/v2\/comments?post=424"}],"version-history":[{"count":17,"href":"https:\/\/paroisse-gueugnon-toulon.fr\/index.php\/wp-json\/wp\/v2\/pages\/424\/revisions"}],"predecessor-version":[{"id":5690,"href":"https:\/\/paroisse-gueugnon-toulon.fr\/index.php\/wp-json\/wp\/v2\/pages\/424\/revisions\/5690"}],"wp:attachment":[{"href":"https:\/\/paroisse-gueugnon-toulon.fr\/index.php\/wp-json\/wp\/v2\/media?parent=424"}],"curies":[{"name":"wp","href":"https:\/\/api.w.org\/{rel}","templated":true}]}}